{"id":365,"date":"2016-10-13T20:45:46","date_gmt":"2016-10-13T20:45:46","guid":{"rendered":"http:\/\/themenectar.com\/demo\/salient-business\/?page_id=365"},"modified":"2021-05-06T11:51:37","modified_gmt":"2021-05-06T09:51:37","slug":"expertiseminceur","status":"publish","type":"page","link":"https:\/\/www.belleetzenfresnes.fr\/index.php\/expertiseminceur\/","title":{"rendered":"Expertise Minceur"},"content":{"rendered":"[vc_row type=\u00a0\u00bbfull_width_background\u00a0\u00bb full_screen_row_position=\u00a0\u00bbmiddle\u00a0\u00bb column_margin=\u00a0\u00bbdefault\u00a0\u00bb column_direction=\u00a0\u00bbdefault\u00a0\u00bb column_direction_tablet=\u00a0\u00bbdefault\u00a0\u00bb column_direction_phone=\u00a0\u00bbdefault\u00a0\u00bb bg_color=\u00a0\u00bb#ffffff\u00a0\u00bb scene_position=\u00a0\u00bbcenter\u00a0\u00bb top_padding=\u00a0\u00bb10%\u00a0\u00bb bottom_padding=\u00a0\u00bb10%\u00a0\u00bb text_color=\u00a0\u00bblight\u00a0\u00bb text_align=\u00a0\u00bbleft\u00a0\u00bb row_border_radius=\u00a0\u00bbnone\u00a0\u00bb row_border_radius_applies=\u00a0\u00bbbg\u00a0\u00bb overlay_strength=\u00a0\u00bb0.3&Prime; gradient_direction=\u00a0\u00bbleft_to_right\u00a0\u00bb shape_divider_position=\u00a0\u00bbbottom\u00a0\u00bb bg_image_animation=\u00a0\u00bbnone\u00a0\u00bb shape_type=\u00a0\u00bb\u00a0\u00bb][vc_column column_padding=\u00a0\u00bbno-extra-padding\u00a0\u00bb column_padding_tablet=\u00a0\u00bbinherit\u00a0\u00bb column_padding_phone=\u00a0\u00bbinherit\u00a0\u00bb column_padding_position=\u00a0\u00bball\u00a0\u00bb column_element_spacing=\u00a0\u00bbdefault\u00a0\u00bb background_color_opacity=\u00a0\u00bb1&Prime; background_hover_color_opacity=\u00a0\u00bb1&Prime; font_color=\u00a0\u00bb#000000&Prime; column_shadow=\u00a0\u00bbnone\u00a0\u00bb column_border_radius=\u00a0\u00bbnone\u00a0\u00bb column_link_target=\u00a0\u00bb_self\u00a0\u00bb gradient_direction=\u00a0\u00bbleft_to_right\u00a0\u00bb overlay_strength=\u00a0\u00bb0.3&Prime; width=\u00a0\u00bb1\/2&Prime; tablet_width_inherit=\u00a0\u00bbdefault\u00a0\u00bb tablet_text_alignment=\u00a0\u00bbdefault\u00a0\u00bb phone_text_alignment=\u00a0\u00bbdefault\u00a0\u00bb bg_image_animation=\u00a0\u00bbnone\u00a0\u00bb border_type=\u00a0\u00bbsimple\u00a0\u00bb column_border_width=\u00a0\u00bbnone\u00a0\u00bb column_border_style=\u00a0\u00bbsolid\u00a0\u00bb][vc_row_inner equal_height=\u00a0\u00bbyes\u00a0\u00bb content_placement=\u00a0\u00bbmiddle\u00a0\u00bb column_margin=\u00a0\u00bbdefault\u00a0\u00bb column_direction=\u00a0\u00bbdefault\u00a0\u00bb column_direction_tablet=\u00a0\u00bbdefault\u00a0\u00bb column_direction_phone=\u00a0\u00bbdefault\u00a0\u00bb text_align=\u00a0\u00bbleft\u00a0\u00bb][vc_column_inner column_padding=\u00a0\u00bbpadding-1-percent\u00a0\u00bb column_padding_tablet=\u00a0\u00bbinherit\u00a0\u00bb column_padding_phone=\u00a0\u00bbinherit\u00a0\u00bb column_padding_position=\u00a0\u00bbleft\u00a0\u00bb column_element_spacing=\u00a0\u00bbdefault\u00a0\u00bb background_color_opacity=\u00a0\u00bb1&Prime; background_hover_color_opacity=\u00a0\u00bb1&Prime; font_color=\u00a0\u00bb#000000&Prime; column_shadow=\u00a0\u00bbnone\u00a0\u00bb column_border_radius=\u00a0\u00bbnone\u00a0\u00bb column_link_target=\u00a0\u00bb_self\u00a0\u00bb gradient_direction=\u00a0\u00bbleft_to_right\u00a0\u00bb overlay_strength=\u00a0\u00bb0.3&Prime; width=\u00a0\u00bb1\/1&Prime; tablet_width_inherit=\u00a0\u00bbdefault\u00a0\u00bb bg_image_animation=\u00a0\u00bbnone\u00a0\u00bb border_type=\u00a0\u00bbsimple\u00a0\u00bb column_border_width=\u00a0\u00bbnone\u00a0\u00bb column_border_style=\u00a0\u00bbsolid\u00a0\u00bb][split_line_heading animation_type=\u00a0\u00bbdefault\u00a0\u00bb]\n<h5>Bilan minceur<\/h5>\n[\/split_line_heading][vc_column_text css_animation=\u00a0\u00bbbottom-to-top\u00a0\u00bb css=\u00a0\u00bb.vc_custom_1618564547639{margin-top: 15px !important;}\u00a0\u00bb max_width=\u00a0\u00bb500&Prime;]Notre \u00ab\u00a0Bilan\u00a0\u00bb est une \u00e9tape indispensable.<\/p>\n<p>Toutes nos cures minceur commencent par un premier rendez-vous qui nous permet d&rsquo;\u00e9tablir ensemble un diagnostic personnalis\u00e9 en fonction de vos habitudes de vie, vos motivations et vos souhaits.<\/p>\n<p>Nous r\u00e9aliserons un bilan cutan\u00e9, analyse compl\u00e8te qui nous permettra de d\u00e9terminer la combinaison des soins les plus appropri\u00e9s \u00e0 la r\u00e9ussite de vos objectifs.<\/p>\n<p>Nous mettons notre savoir faire \u00e0 votre service et le bilan est une \u00e9tape cl\u00e9 pour d\u00e9finir un programme sur mesure qui vous ressemble.[\/vc_column_text][\/vc_column_inner][\/vc_row_inner][\/vc_column][vc_column column_padding=\u00a0\u00bbno-extra-padding\u00a0\u00bb column_padding_tablet=\u00a0\u00bbpadding-17-percent\u00a0\u00bb column_padding_phone=\u00a0\u00bbpadding-20-percent\u00a0\u00bb column_padding_position=\u00a0\u00bbtop\u00a0\u00bb column_element_spacing=\u00a0\u00bbdefault\u00a0\u00bb background_color_opacity=\u00a0\u00bb1&Prime; background_hover_color_opacity=\u00a0\u00bb1&Prime; column_shadow=\u00a0\u00bbnone\u00a0\u00bb column_border_radius=\u00a0\u00bbnone\u00a0\u00bb column_link_target=\u00a0\u00bb_self\u00a0\u00bb gradient_direction=\u00a0\u00bbleft_to_right\u00a0\u00bb overlay_strength=\u00a0\u00bb0.3&Prime; width=\u00a0\u00bb1\/2&Prime; tablet_width_inherit=\u00a0\u00bbdefault\u00a0\u00bb tablet_text_alignment=\u00a0\u00bbdefault\u00a0\u00bb phone_text_alignment=\u00a0\u00bbdefault\u00a0\u00bb bg_image_animation=\u00a0\u00bbnone\u00a0\u00bb border_type=\u00a0\u00bbsimple\u00a0\u00bb column_border_width=\u00a0\u00bbnone\u00a0\u00bb column_border_style=\u00a0\u00bbsolid\u00a0\u00bb][nectar_cascading_images image_1_bg_color=\u00a0\u00bb#865e94&Prime; image_1_offset_x_sign=\u00a0\u00bb+\u00a0\u00bb image_1_offset_x=\u00a0\u00bb0%\u00a0\u00bb image_1_offset_y_sign=\u00a0\u00bb+\u00a0\u00bb image_1_offset_y=\u00a0\u00bb0%\u00a0\u00bb image_1_rotate_sign=\u00a0\u00bb+\u00a0\u00bb image_1_rotate=\u00a0\u00bbnone\u00a0\u00bb image_1_scale=\u00a0\u00bb1&Prime; image_1_animation=\u00a0\u00bbGrow In\u00a0\u00bb image_1_padding=\u00a0\u00bbauto\u00a0\u00bb image_1_box_shadow=\u00a0\u00bbnone\u00a0\u00bb image_1_max_width_desktop=\u00a0\u00bb100%\u00a0\u00bb image_1_max_width_mobile=\u00a0\u00bb100%\u00a0\u00bb image_1_image_width_mobile=\u00a0\u00bbdefault\u00a0\u00bb image_2_url=\u00a0\u00bb7763&Prime; image_2_offset_x_sign=\u00a0\u00bb+\u00a0\u00bb image_2_offset_x=\u00a0\u00bb25%\u00a0\u00bb image_2_offset_y_sign=\u00a0\u00bb+\u00a0\u00bb image_2_offset_y=\u00a0\u00bb30%\u00a0\u00bb image_2_rotate_sign=\u00a0\u00bb+\u00a0\u00bb image_2_rotate=\u00a0\u00bbnone\u00a0\u00bb image_2_scale=\u00a0\u00bb1&Prime; image_2_animation=\u00a0\u00bbGrow In\u00a0\u00bb image_2_padding=\u00a0\u00bbauto\u00a0\u00bb image_2_box_shadow=\u00a0\u00bbnone\u00a0\u00bb image_2_max_width_desktop=\u00a0\u00bb100%\u00a0\u00bb image_2_max_width_mobile=\u00a0\u00bb100%\u00a0\u00bb image_2_image_width_mobile=\u00a0\u00bbdefault\u00a0\u00bb image_3_url=\u00a0\u00bb7762&Prime; image_3_offset_x_sign=\u00a0\u00bb-\u00a0\u00bb image_3_offset_x=\u00a0\u00bb15%\u00a0\u00bb image_3_offset_y_sign=\u00a0\u00bb-\u00a0\u00bb image_3_offset_y=\u00a0\u00bb30%\u00a0\u00bb image_3_rotate_sign=\u00a0\u00bb+\u00a0\u00bb image_3_rotate=\u00a0\u00bbnone\u00a0\u00bb image_3_scale=\u00a0\u00bb1&Prime; image_3_animation=\u00a0\u00bbGrow In\u00a0\u00bb image_3_padding=\u00a0\u00bbauto\u00a0\u00bb image_3_box_shadow=\u00a0\u00bbx_large_depth\u00a0\u00bb image_3_max_width_desktop=\u00a0\u00bb100%\u00a0\u00bb image_3_max_width_mobile=\u00a0\u00bb100%\u00a0\u00bb image_3_image_width_mobile=\u00a0\u00bbdefault\u00a0\u00bb image_4_offset_x_sign=\u00a0\u00bb+\u00a0\u00bb image_4_offset_x=\u00a0\u00bb0%\u00a0\u00bb image_4_offset_y_sign=\u00a0\u00bb+\u00a0\u00bb image_4_offset_y=\u00a0\u00bb0%\u00a0\u00bb image_4_rotate_sign=\u00a0\u00bb+\u00a0\u00bb image_4_rotate=\u00a0\u00bbnone\u00a0\u00bb image_4_scale=\u00a0\u00bb1&Prime; image_4_animation=\u00a0\u00bbFade In\u00a0\u00bb image_4_padding=\u00a0\u00bbauto\u00a0\u00bb image_4_box_shadow=\u00a0\u00bbnone\u00a0\u00bb image_4_max_width_desktop=\u00a0\u00bb100%\u00a0\u00bb image_4_max_width_mobile=\u00a0\u00bb100%\u00a0\u00bb image_4_image_width_mobile=\u00a0\u00bbdefault\u00a0\u00bb element_sizing=\u00a0\u00bbdefault\u00a0\u00bb image_loading=\u00a0\u00bbdefault\u00a0\u00bb border_radius=\u00a0\u00bbnone\u00a0\u00bb overflow=\u00a0\u00bbvisible\u00a0\u00bb][\/vc_column][\/vc_row][vc_row type=\u00a0\u00bbin_container\u00a0\u00bb full_screen_row_position=\u00a0\u00bbmiddle\u00a0\u00bb column_margin=\u00a0\u00bbdefault\u00a0\u00bb column_direction=\u00a0\u00bbdefault\u00a0\u00bb column_direction_tablet=\u00a0\u00bbdefault\u00a0\u00bb column_direction_phone=\u00a0\u00bbdefault\u00a0\u00bb scene_position=\u00a0\u00bbcenter\u00a0\u00bb text_color=\u00a0\u00bbdark\u00a0\u00bb text_align=\u00a0\u00bbleft\u00a0\u00bb row_border_radius=\u00a0\u00bbnone\u00a0\u00bb row_border_radius_applies=\u00a0\u00bbbg\u00a0\u00bb overlay_strength=\u00a0\u00bb0.3&Prime; gradient_direction=\u00a0\u00bbleft_to_right\u00a0\u00bb shape_divider_position=\u00a0\u00bbbottom\u00a0\u00bb bg_image_animation=\u00a0\u00bbnone\u00a0\u00bb][vc_column column_padding=\u00a0\u00bbno-extra-padding\u00a0\u00bb column_padding_tablet=\u00a0\u00bbinherit\u00a0\u00bb column_padding_phone=\u00a0\u00bbinherit\u00a0\u00bb column_padding_position=\u00a0\u00bball\u00a0\u00bb column_element_spacing=\u00a0\u00bbdefault\u00a0\u00bb background_color_opacity=\u00a0\u00bb1&Prime; background_hover_color_opacity=\u00a0\u00bb1&Prime; column_shadow=\u00a0\u00bbnone\u00a0\u00bb column_border_radius=\u00a0\u00bbnone\u00a0\u00bb column_link_target=\u00a0\u00bb_self\u00a0\u00bb gradient_direction=\u00a0\u00bbleft_to_right\u00a0\u00bb overlay_strength=\u00a0\u00bb0.3&Prime; width=\u00a0\u00bb1\/1&Prime; tablet_width_inherit=\u00a0\u00bbdefault\u00a0\u00bb tablet_text_alignment=\u00a0\u00bbdefault\u00a0\u00bb phone_text_alignment=\u00a0\u00bbdefault\u00a0\u00bb bg_image_animation=\u00a0\u00bbnone\u00a0\u00bb border_type=\u00a0\u00bbsimple\u00a0\u00bb column_border_width=\u00a0\u00bbnone\u00a0\u00bb column_border_style=\u00a0\u00bbsolid\u00a0\u00bb][split_line_heading animation_type=\u00a0\u00bbdefault\u00a0\u00bb]\n<h5>5 technologies<\/h5>\n[\/split_line_heading][toggles style=\u00a0\u00bbminimal\u00a0\u00bb accordion=\u00a0\u00bbtrue\u00a0\u00bb accordion_starting_functionality=\u00a0\u00bbdefault\u00a0\u00bb][toggle color=\u00a0\u00bbExtra-Color-2&Prime; title=\u00a0\u00bbIonithermie :\u00a0\u00bb][vc_column_text]Cette technique est la combinaison entre l&rsquo;application d&rsquo;actifs amincissants, d&rsquo;un masque autochauffant et de deux courants (courant de ionophor\u00e8se et courant d&rsquo;\u00e9lectrostimulation). Cela permet le remodelage de la silhouette, la r\u00e9duction des cellules graisseuses ainsi que le raffermissement de la peau.[\/vc_column_text][\/toggle][toggle color=\u00a0\u00bbExtra-Color-2&Prime; title=\u00a0\u00bbN\u00e9ocare by Bloomea :\u00a0\u00bb][vc_column_text]Cette technologie de derni\u00e8re g\u00e9n\u00e9ration utilise les courants de haute fr\u00e9quence Tecar-esth\u00e9tique. Cela permet de travailler sur 2 types de cellules : les fibroblastes qui sont les cellules de la jeunesse, et les adipocytes, celles de la minceur.<\/p>\n<p>On va pouvoir raffermir et redensifier la peau, diminuer l&rsquo;aspect de la cellulite, remodeler les contours et traiter les 3 types de cellulite.[\/vc_column_text][\/toggle][toggle color=\u00a0\u00bbExtra-Color-2&Prime; title=\u00a0\u00bbCellu M6 by LPG :\u00a0\u00bb][vc_column_text]L&rsquo;endermologie a plus de 30 ans d&rsquo;exp\u00e9rience, c&rsquo;est une technique naturelle et agr\u00e9able de palper-rouler m\u00e9canique, cela permet de d\u00e9stocker les graisses et de lisser les capitons.[\/vc_column_text][\/toggle][toggle color=\u00a0\u00bbExtra-Color-2&Prime; title=\u00a0\u00bbPressodynamie by Starvac :\u00a0\u00bb][vc_column_text]Le syst\u00e8me dispose de la derni\u00e8re innovation, il effectue des vagues de pression \u00e9tag\u00e9es de mani\u00e8re \u00e0 stimuler et relancer les circulations veineuses et lymphatiques.<\/p>\n<p>La pressodynamie permet d&rsquo;obtenir 12 fois plus de stimulations qu&rsquo;une pressoth\u00e9rapie classique par cycle de gonflage.[\/vc_column_text][\/toggle][toggle color=\u00a0\u00bbExtra-Color-2&Prime; title=\u00a0\u00bbEnveloppement amincissent sous couverture chauffante avec infrarouge long :\u00a0\u00bb][vc_column_text]Sous l&rsquo;effet de la chaleur produite par la couverture, le corps va transpirer pour r\u00e9guler sa temp\u00e9rature. L&rsquo;enveloppement va obliger l&rsquo;organisme \u00e0 puiser dans les surcharges graisseuses l&rsquo;\u00e9nergie n\u00e9cessaire pour d\u00e9stocker et aider \u00e0 l&rsquo;\u00e9vacuation des toxines.[\/vc_column_text][\/toggle][\/toggles][\/vc_column][\/vc_row][vc_row type=\u00a0\u00bbin_container\u00a0\u00bb full_screen_row_position=\u00a0\u00bbmiddle\u00a0\u00bb column_margin=\u00a0\u00bbdefault\u00a0\u00bb column_direction=\u00a0\u00bbdefault\u00a0\u00bb column_direction_tablet=\u00a0\u00bbdefault\u00a0\u00bb column_direction_phone=\u00a0\u00bbdefault\u00a0\u00bb scene_position=\u00a0\u00bbcenter\u00a0\u00bb text_color=\u00a0\u00bbdark\u00a0\u00bb text_align=\u00a0\u00bbleft\u00a0\u00bb row_border_radius=\u00a0\u00bbnone\u00a0\u00bb row_border_radius_applies=\u00a0\u00bbbg\u00a0\u00bb overlay_strength=\u00a0\u00bb0.3&Prime; gradient_direction=\u00a0\u00bbleft_to_right\u00a0\u00bb shape_divider_position=\u00a0\u00bbbottom\u00a0\u00bb bg_image_animation=\u00a0\u00bbnone\u00a0\u00bb][vc_column column_padding=\u00a0\u00bbno-extra-padding\u00a0\u00bb column_padding_tablet=\u00a0\u00bbinherit\u00a0\u00bb column_padding_phone=\u00a0\u00bbinherit\u00a0\u00bb column_padding_position=\u00a0\u00bball\u00a0\u00bb column_element_spacing=\u00a0\u00bbdefault\u00a0\u00bb background_color_opacity=\u00a0\u00bb1&Prime; background_hover_color_opacity=\u00a0\u00bb1&Prime; column_shadow=\u00a0\u00bbnone\u00a0\u00bb column_border_radius=\u00a0\u00bbnone\u00a0\u00bb column_link_target=\u00a0\u00bb_self\u00a0\u00bb gradient_direction=\u00a0\u00bbleft_to_right\u00a0\u00bb overlay_strength=\u00a0\u00bb0.3&Prime; width=\u00a0\u00bb1\/1&Prime; tablet_width_inherit=\u00a0\u00bbdefault\u00a0\u00bb tablet_text_alignment=\u00a0\u00bbdefault\u00a0\u00bb phone_text_alignment=\u00a0\u00bbdefault\u00a0\u00bb bg_image_animation=\u00a0\u00bbnone\u00a0\u00bb border_type=\u00a0\u00bbsimple\u00a0\u00bb column_border_width=\u00a0\u00bbnone\u00a0\u00bb column_border_style=\u00a0\u00bbsolid\u00a0\u00bb][vc_custom_heading text=\u00a0\u00bbAvant \/ Apr\u00e8s\u00a0\u00bb font_container=\u00a0\u00bbtag:h3|font_size:25px|text_align:left|color:%236c3170&Prime; use_theme_fonts=\u00a0\u00bbyes\u00a0\u00bb][nectar_image_comparison image_url=\u00a0\u00bb7961&Prime; image_2_url=\u00a0\u00bb7960&Prime;][nectar_image_comparison image_url=\u00a0\u00bb8051&Prime; image_2_url=\u00a0\u00bb8049&Prime;][\/vc_column][\/vc_row]\n","protected":false},"excerpt":{"rendered":"<p>[vc_row type=\u00a0\u00bbfull_width_background\u00a0\u00bb full_screen_row_position=\u00a0\u00bbmiddle\u00a0\u00bb column_margin=\u00a0\u00bbdefault\u00a0\u00bb column_direction=\u00a0\u00bbdefault\u00a0\u00bb column_direction_tablet=\u00a0\u00bbdefault\u00a0\u00bb column_direction_phone=\u00a0\u00bbdefault\u00a0\u00bb bg_color=\u00a0\u00bb#ffffff\u00a0\u00bb scene_position=\u00a0\u00bbcenter\u00a0\u00bb top_padding=\u00a0\u00bb10%\u00a0\u00bb bottom_padding=\u00a0\u00bb10%\u00a0\u00bb text_color=\u00a0\u00bblight\u00a0\u00bb text_align=\u00a0\u00bbleft\u00a0\u00bb row_border_radius=\u00a0\u00bbnone\u00a0\u00bb row_border_radius_applies=\u00a0\u00bbbg\u00a0\u00bb overlay_strength=\u00a0\u00bb0.3&Prime; gradient_direction=\u00a0\u00bbleft_to_right\u00a0\u00bb shape_divider_position=\u00a0\u00bbbottom\u00a0\u00bb bg_image_animation=\u00a0\u00bbnone\u00a0\u00bb shape_type=\u00a0\u00bb\u00a0\u00bb][vc_column column_padding=\u00a0\u00bbno-extra-padding\u00a0\u00bb column_padding_tablet=\u00a0\u00bbinherit\u00a0\u00bb column_padding_phone=\u00a0\u00bbinherit\u00a0\u00bb column_padding_position=\u00a0\u00bball\u00a0\u00bb column_element_spacing=\u00a0\u00bbdefault\u00a0\u00bb&#8230;<\/p>\n","protected":false},"author":1,"featured_media":0,"parent":0,"menu_order":0,"comment_status":"closed","ping_status":"closed","template":"","meta":{"footnotes":""},"class_list":["post-365","page","type-page","status-publish"],"aioseo_notices":[],"_links":{"self":[{"href":"https:\/\/www.belleetzenfresnes.fr\/index.php\/wp-json\/wp\/v2\/pages\/365","targetHints":{"allow":["GET"]}}],"collection":[{"href":"https:\/\/www.belleetzenfresnes.fr\/index.php\/wp-json\/wp\/v2\/pages"}],"about":[{"href":"https:\/\/www.belleetzenfresnes.fr\/index.php\/wp-json\/wp\/v2\/types\/page"}],"author":[{"embeddable":true,"href":"https:\/\/www.belleetzenfresnes.fr\/index.php\/wp-json\/wp\/v2\/users\/1"}],"replies":[{"embeddable":true,"href":"https:\/\/www.belleetzenfresnes.fr\/index.php\/wp-json\/wp\/v2\/comments?post=365"}],"version-history":[{"count":5,"href":"https:\/\/www.belleetzenfresnes.fr\/index.php\/wp-json\/wp\/v2\/pages\/365\/revisions"}],"predecessor-version":[{"id":8052,"href":"https:\/\/www.belleetzenfresnes.fr\/index.php\/wp-json\/wp\/v2\/pages\/365\/revisions\/8052"}],"wp:attachment":[{"href":"https:\/\/www.belleetzenfresnes.fr\/index.php\/wp-json\/wp\/v2\/media?parent=365"}],"curies":[{"name":"wp","href":"https:\/\/api.w.org\/{rel}","templated":true}]}}